{"id":1788,"date":"2025-07-21T09:41:14","date_gmt":"2025-07-21T09:41:14","guid":{"rendered":"https:\/\/www.profdrmerterkan.com\/about-us\/"},"modified":"2025-12-10T16:12:39","modified_gmt":"2025-12-10T16:12:39","slug":"hakkimda","status":"publish","type":"page","link":"https:\/\/www.profdrmerterkan.com\/en\/hakkimda\/","title":{"rendered":"About"},"content":{"rendered":"<div data-elementor-type=\"wp-page\" data-elementor-id=\"1788\" class=\"elementor elementor-1788\">\n\t\t\t\t<div class=\"elementor-element elementor-element-6878e54 e-flex e-con-boxed e-con e-parent\" data-id=\"6878e54\" data-element_type=\"container\" data-e-type=\"container\" data-settings=\"{&quot;background_background&quot;:&quot;classic&quot;}\">\n\t\t\t\t\t<div class=\"e-con-inner\">\n\t\t\t\t<div class=\"elementor-element elementor-element-b149219 elementor-widget elementor-widget-heading\" data-id=\"b149219\" data-element_type=\"widget\" data-e-type=\"widget\" data-widget_type=\"heading.default\">\n\t\t\t\t\t<h2 class=\"elementor-heading-title elementor-size-default\">About<\/h2>\t\t\t\t<\/div>\n\t\t\t\t\t<\/div>\n\t\t\t\t<\/div>\n\t\t\t\t<section class=\"elementor-section elementor-top-section elementor-element elementor-element-nh0vkqe elementor-section-content-middle elementor-section-boxed elementor-section-height-default elementor-section-height-default\" data-id=\"nh0vkqe\" data-element_type=\"section\" data-e-type=\"section\" data-settings=\"{&quot;background_background&quot;:&quot;classic&quot;}\">\n\t\t\t\t\t\t<div class=\"elementor-container elementor-column-gap-no\">\n\t\t\t\t\t<div class=\"elementor-column elementor-col-50 elementor-top-column elementor-element elementor-element-4d7ad86\" data-id=\"4d7ad86\" data-element_type=\"column\" data-e-type=\"column\">\n\t\t\t<div class=\"elementor-widget-wrap elementor-element-populated\">\n\t\t\t\t\t\t<div class=\"elementor-element elementor-element-91de7cd elementor-widget elementor-widget-heading\" data-id=\"91de7cd\" data-element_type=\"widget\" data-e-type=\"widget\" data-widget_type=\"heading.default\">\n\t\t\t\t\t<h2 class=\"elementor-heading-title elementor-size-default\">Who is Prof. Dr. Mert Erkan?<\/h2>\t\t\t\t<\/div>\n\t\t\t\t<div class=\"elementor-element elementor-element-0e457ca elementor-widget elementor-widget-text-editor\" data-id=\"0e457ca\" data-element_type=\"widget\" data-e-type=\"widget\" data-widget_type=\"text-editor.default\">\n\t\t\t\t\t\t\t\t\t<p class=\"p1\">Prof. Dr. Mert Erkan graduated from Istanbul University, Istanbul Faculty of Medicine in 1995 and completed his specialization in General Surgery at the same institution in 2001. Between 2003 and 2007, he worked at Heidelberg University in Germany, where he completed his doctoral studies in molecular biology with a dissertation on pancreatic cancer, graduating with the highest academic distinction, \u201csumma cum laude.\u201d<\/p><p>Between 2007 and 2014, he worked at the Technical University of Munich, Klinikum rechts der Isar, where he successively held the titles of Senior Consultant (Oberarzt), Associate Professor of General Surgery, and Head of the Pancreatic Surgery Department. In 2010, he completed advanced subspecialty training in digestive system surgery in Germany.<\/p><p class=\"p1\">Returning to Turkey in 2014, Prof. Dr. Erkan has since continued his work in the fields of liver, bile duct, and pancreatic (HPB) surgery, as well as translational cancer research. In addition to his clinical experience in surgery, he also conducts scientific research on the microenvironment of pancreatic cancer, cancer stem cells, and hydatid disease.<\/p>\t\t\t\t\t\t\t\t<\/div>\n\t\t\t\t\t<\/div>\n\t\t<\/div>\n\t\t\t\t<div class=\"elementor-column elementor-col-50 elementor-top-column elementor-element elementor-element-03a6bc5\" data-id=\"03a6bc5\" data-element_type=\"column\" data-e-type=\"column\">\n\t\t\t<div class=\"elementor-widget-wrap elementor-element-populated\">\n\t\t\t\t\t\t<div class=\"elementor-element elementor-element-02ae585 elementor-widget elementor-widget-image\" data-id=\"02ae585\" data-element_type=\"widget\" data-e-type=\"widget\" data-widget_type=\"image.default\">\n\t\t\t\t\t\t\t\t\t\t\t\t\t\t\t<img fetchpriority=\"high\" decoding=\"async\" width=\"1707\" height=\"2560\" src=\"https:\/\/www.profdrmerterkan.com\/wp-content\/uploads\/2025\/07\/IMG_1064-min-scaled.jpg\" class=\"attachment-full size-full wp-image-7\" alt=\"IMG 1064 Min Scaled\" srcset=\"https:\/\/www.profdrmerterkan.com\/wp-content\/uploads\/2025\/07\/IMG_1064-min-scaled.jpg 1707w, https:\/\/www.profdrmerterkan.com\/wp-content\/uploads\/2025\/07\/IMG_1064-min-200x300.jpg 200w, https:\/\/www.profdrmerterkan.com\/wp-content\/uploads\/2025\/07\/IMG_1064-min-683x1024.jpg 683w, https:\/\/www.profdrmerterkan.com\/wp-content\/uploads\/2025\/07\/IMG_1064-min-768x1152.jpg 768w, https:\/\/www.profdrmerterkan.com\/wp-content\/uploads\/2025\/07\/IMG_1064-min-1024x1536.jpg 1024w, https:\/\/www.profdrmerterkan.com\/wp-content\/uploads\/2025\/07\/IMG_1064-min-1365x2048.jpg 1365w\" sizes=\"(max-width: 1707px) 100vw, 1707px\" title=\"About\">\t\t\t\t\t\t\t\t\t\t\t\t\t\t\t<\/div>\n\t\t\t\t\t<\/div>\n\t\t<\/div>\n\t\t\t\t\t<\/div>\n\t\t<\/section>\n\t\t<div class=\"elementor-element elementor-element-77d3f3e e-flex e-con-boxed e-con e-parent\" data-id=\"77d3f3e\" data-element_type=\"container\" data-e-type=\"container\" data-settings=\"{&quot;background_background&quot;:&quot;classic&quot;}\">\n\t\t\t\t\t<div class=\"e-con-inner\">\n\t\t\t\t<div class=\"elementor-element elementor-element-9810fc9 elementor-widget elementor-widget-text-editor\" data-id=\"9810fc9\" data-element_type=\"widget\" data-e-type=\"widget\" data-widget_type=\"text-editor.default\">\n\t\t\t\t\t\t\t\t\t<p class=\"p1\">To date, he has received independent research funding totaling \u20ac1,150,550 from international sources, including the German Federal Ministry of Education and Research (BMBF), the German Research Foundation (DFG), and the European Union\u2019s 7th Framework Programme. In Turkey, he has received independent research support exceeding TRY 6,000,000, including projects funded by T\u00dcB\u0130TAK. He has served as a principal investigator and co-investigator in two separate T\u00dcB\u0130TAK 1003 projects.<\/p><p class=\"p1\">His academic work, primarily focusing on the biology of pancreatic cancer, has been reflected in numerous high-impact publications. As of 2025, he has authored more than 110 international publications, received over 11,500 citations, and has an H-index of 59.<\/p><p class=\"p1\">Prof. Dr. Erkan has been elected as the President of the international congress to be organized by the European Digestive Surgery (EDS) Association in Istanbul in 2025. In addition, he has assumed the role of Congress Secretary for the 58th Meeting of the European Pancreas Club, which will be held in Istanbul in 2026. Previously, he actively served on the Program Committee (2016\u20132020), the Scientific and Research Committee (2017\u20132021), and the Terminology Committee (2021\u2013present) under the auspices of the EAHPBA.<\/p><p class=\"p2\">Prof. Dr. Mert Erkan, who currently continues his academic duties as a faculty member at Ac\u0131badem Mehmet Ali Ayd\u0131nlar University and his clinical and research work as a Hepato-Pancreato-Biliary Surgeon at Ac\u0131badem Ata\u015fehir Hospital, was included in the \u201cWorld\u2019s Most Influential Scientists\u201d list published by Stanford University and Elsevier in January 2024.<\/p><p class=\"p2\"><b>Professional Experience <\/b><\/p><p class=\"p2\">Prof. Dr. Mert Erkan has extensive experience in general surgery, HPB (liver, pancreas, and bile duct) surgery, and pancreatic cancer research, having worked for many years at leading university hospitals both in Turkey and internationally.<\/p><p class=\"p2\"><strong>Ac\u0131badem Healthcare Group<br \/>2021- Present<br \/><\/strong>Prof. Dr. Mert Erkan continues his clinical practice within Ac\u0131badem Healthcare Group, where he is involved in the surgical treatment of liver, pancreatic, and bile duct diseases.<\/p><p class=\"p2\"><strong>Pancreatic Cancer Research Center, Ac\u0131badem Mehmet Ali Ayd\u0131nlar University \u2013 Istanbul<br \/>2021<br \/><\/strong>He provided scientific consultancy and academic contributions at a center conducting clinical and experimental research on pancreatic cancer.<\/p><p class=\"p2\"><strong>Ko\u00e7 University School of Medicine\u00a0<br \/>2014 \u2013 2021<br \/><\/strong>As a Professor of General Surgery, he contributed to the education of medical students and performed advanced HPB surgical procedures.<\/p><p class=\"p2\"><strong>Ko\u00e7 University School of Medicine Research Laboratory<br \/>2014 \u2013 2021<br \/><\/strong>He conducted research on pancreatic tumor biology and tumor microsystems at the molecular level.<\/p><p class=\"p2\"><strong>Ko\u00e7 University Translational Medicine Research Center (KUTTAM)<br \/>2017 \u2013 2021<br \/><\/strong>He was involved in the development of innovative, patient-oriented treatment approaches bridging laboratory research and clinical practice.<\/p><p class=\"p2\"><strong>Ko\u00e7 University Institute of Health Sciences<br \/>2017 \u2013 2021<br \/><\/strong>He provided academic supervision for master\u2019s and doctoral theses of graduate students.<\/p><p class=\"p2\"><strong>Technical University of Munich, Klinikum rechts der Isar &amp; Pancreatic Research Center \u2013 Germany<br \/>2003 \u2013 2007<br \/><\/strong>In addition to HPB surgical practice, he conducted laboratory research focused on pancreatic cancer and was part of one of Germany\u2019s leading pancreatic research teams.<\/p><p class=\"p2\"><strong>Heidelberg University &amp; European Pancreas Research Center \u2013 Germany<br \/><\/strong><strong>2001 \u2013 2003<br \/><\/strong>During his PhD training, he conducted experimental research on the microenvironment of pancreatic tumors.<\/p><p class=\"p2\"><strong>Istanbul University, Istanbul Faculty of Medicine \u2013 HPB Surgery Unit<br \/><\/strong><strong>2001 \u2013 2003<br \/><\/strong>During the post-specialization period, he was involved in surgical procedures of the liver, pancreas, and bile ducts.<\/p><p><strong>Istanbul University, Istanbul Faculty of Medicine<br \/>1995 \u2013 2001<br \/><\/strong>He completed his medical education and subsequent General Surgery residency training at this institution.<\/p><p class=\"p2\"><b>Memberships<\/b><\/p><ul class=\"ul1\"><li class=\"li2\">European Digestive Surgery\/ EDS 2003-<\/li><li class=\"li2\">The European Consortium on Minimally Invasive Pancreatic Surgery<\/li><li class=\"li2\">\u0130stanbul Tabip Odas\u0131 1995-2021<\/li><li class=\"li2\">Europan\/African Hepato-Pancreato-Biliary Association Scientific and Research Committee Member: 2014 &#8211; Halen \/ Program committee: 2015 &#8211; 2019 \/ Pancreatic terminology committee founding member 2021 &#8211;<\/li><li class=\"li2\">Bursa Tabip Odas\u0131 2021<\/li><li class=\"li2\">Deutsche Gesellschaft f\u00fcr Allgemein- und Viszeralchirurgie (DGAV) 2007 &#8211; 2014<\/li><li class=\"li2\">European Pancreatic-Club\/ EPC 2003-<\/li><li class=\"li2\">Deutscher Pankreas-Club\/ DPC 2003-<\/li><li class=\"li2\">T\u00fcrk Hepato-Pankreato-Biliyer Cerrahi Derne\u011fi: 1998 Y\u00f6netim Kurulu \u00dcyesi: 2015-2017<\/li><li class=\"li2\">International Hepato-Pancreato-Biliary Association (IHPBA) 2001-<\/li><li class=\"li2\">International Association of Pancreatology (IAP) 2003-<\/li><\/ul>\t\t\t\t\t\t\t\t<\/div>\n\t\t\t\t\t<\/div>\n\t\t\t\t<\/div>\n\t\t\t\t<\/div>","protected":false},"excerpt":{"rendered":"<p>Hakk\u0131mda Prof Dr. Mert Erkan Prof. Dr. Mert Erkan, 1995 y\u0131l\u0131nda \u0130stanbul \u00dcniversitesi \u0130stanbul T\u0131p Fak\u00fcltesi\u2019nden mezun olmu\u015f, 2001 y\u0131l\u0131nda ayn\u0131 kurumda Genel Cerrahi uzmanl\u0131\u011f\u0131n\u0131 tamamlam\u0131\u015ft\u0131r. 2003\u20132007 y\u0131llar\u0131 aras\u0131nda Almanya\u2019daki Heidelberg \u00dcniversitesi\u2019nde \u00e7al\u0131\u015fm\u0131\u015f; bu s\u00fcre\u00e7te molek\u00fcler biyoloji alan\u0131ndaki doktora e\u011fitimini pankreas kanseri \u00fczerine haz\u0131rlad\u0131\u011f\u0131 teziyle ve en y\u00fcksek onur derecesi olan \u201csumma cum laude\u201d ile [&hellip;]<\/p>\n","protected":false},"author":1,"featured_media":0,"parent":0,"menu_order":0,"comment_status":"closed","ping_status":"closed","template":"","meta":{"_uag_custom_page_level_css":"","site-sidebar-layout":"no-sidebar","site-content-layout":"page-builder","ast-site-content-layout":"default","site-content-style":"default","site-sidebar-style":"default","ast-global-header-display":"","ast-banner-title-visibility":"","ast-main-header-display":"","ast-hfb-above-header-display":"","ast-hfb-below-header-display":"","ast-hfb-mobile-header-display":"","site-post-title":"disabled","ast-breadcrumbs-content":"disabled","ast-featured-img":"disabled","footer-sml-layout":"","ast-disable-related-posts":"","theme-transparent-header-meta":"enabled","adv-header-id-meta":"","stick-header-meta":"","header-above-stick-meta":"","header-main-stick-meta":"","header-below-stick-meta":"","astra-migrate-meta-layouts":"default","ast-page-background-enabled":"default","ast-page-background-meta":{"desktop":{"background-color":"","background-image":"","background-repeat":"repeat","background-position":"center center","background-size":"auto","background-attachment":"scroll","background-type":"","background-media":"","overlay-type":"","overlay-color":"","overlay-opacity":"","overlay-gradient":""},"tablet":{"background-color":"","background-image":"","background-repeat":"repeat","background-position":"center center","background-size":"auto","background-attachment":"scroll","background-type":"","background-media":"","overlay-type":"","overlay-color":"","overlay-opacity":"","overlay-gradient":""},"mobile":{"background-color":"","background-image":"","background-repeat":"repeat","background-position":"center center","background-size":"auto","background-attachment":"scroll","background-type":"","background-media":"","overlay-type":"","overlay-color":"","overlay-opacity":"","overlay-gradient":""}},"ast-content-background-meta":{"desktop":{"background-color":"var(--ast-global-color-5)","background-image":"","background-repeat":"repeat","background-position":"center center","background-size":"auto","background-attachment":"scroll","background-type":"","background-media":"","overlay-type":"","overlay-color":"","overlay-opacity":"","overlay-gradient":""},"tablet":{"background-color":"var(--ast-global-color-5)","background-image":"","background-repeat":"repeat","background-position":"center center","background-size":"auto","background-attachment":"scroll","background-type":"","background-media":"","overlay-type":"","overlay-color":"","overlay-opacity":"","overlay-gradient":""},"mobile":{"background-color":"var(--ast-global-color-5)","background-image":"","background-repeat":"repeat","background-position":"center center","background-size":"auto","background-attachment":"scroll","background-type":"","background-media":"","overlay-type":"","overlay-color":"","overlay-opacity":"","overlay-gradient":""}},"footnotes":""},"class_list":["post-1788","page","type-page","status-publish","hentry"],"uagb_featured_image_src":{"full":false,"thumbnail":false,"medium":false,"medium_large":false,"large":false,"1536x1536":false,"2048x2048":false,"trp-custom-language-flag":false},"uagb_author_info":{"display_name":"Prof. Dr. Mert Erkan","author_link":"https:\/\/www.profdrmerterkan.com\/en\/author\/jda\/"},"uagb_comment_info":0,"uagb_excerpt":"Hakk\u0131mda Prof Dr. Mert Erkan Prof. Dr. Mert Erkan, 1995 y\u0131l\u0131nda \u0130stanbul \u00dcniversitesi \u0130stanbul T\u0131p Fak\u00fcltesi\u2019nden mezun olmu\u015f, 2001 y\u0131l\u0131nda ayn\u0131 kurumda Genel Cerrahi uzmanl\u0131\u011f\u0131n\u0131 tamamlam\u0131\u015ft\u0131r. 2003\u20132007 y\u0131llar\u0131 aras\u0131nda Almanya\u2019daki Heidelberg \u00dcniversitesi\u2019nde \u00e7al\u0131\u015fm\u0131\u015f; bu s\u00fcre\u00e7te molek\u00fcler biyoloji alan\u0131ndaki doktora e\u011fitimini pankreas kanseri \u00fczerine haz\u0131rlad\u0131\u011f\u0131 teziyle ve en y\u00fcksek onur derecesi olan \u201csumma cum laude\u201d ile&hellip;","rttpg_featured_image_url":null,"rttpg_author":{"display_name":"Prof. Dr. Mert Erkan","author_link":"https:\/\/www.profdrmerterkan.com\/en\/author\/jda\/"},"rttpg_comment":0,"rttpg_category":null,"rttpg_excerpt":"Hakk\u0131mda Prof Dr. Mert Erkan Prof. Dr. Mert Erkan, 1995 y\u0131l\u0131nda \u0130stanbul \u00dcniversitesi \u0130stanbul T\u0131p Fak\u00fcltesi\u2019nden mezun olmu\u015f, 2001 y\u0131l\u0131nda ayn\u0131 kurumda Genel Cerrahi uzmanl\u0131\u011f\u0131n\u0131 tamamlam\u0131\u015ft\u0131r. 2003\u20132007 y\u0131llar\u0131 aras\u0131nda Almanya\u2019daki Heidelberg \u00dcniversitesi\u2019nde \u00e7al\u0131\u015fm\u0131\u015f; bu s\u00fcre\u00e7te molek\u00fcler biyoloji alan\u0131ndaki doktora e\u011fitimini pankreas kanseri \u00fczerine haz\u0131rlad\u0131\u011f\u0131 teziyle ve en y\u00fcksek onur derecesi olan \u201csumma cum laude\u201d ile&hellip;","_links":{"self":[{"href":"https:\/\/www.profdrmerterkan.com\/en\/wp-json\/wp\/v2\/pages\/1788","targetHints":{"allow":["GET"]}}],"collection":[{"href":"https:\/\/www.profdrmerterkan.com\/en\/wp-json\/wp\/v2\/pages"}],"about":[{"href":"https:\/\/www.profdrmerterkan.com\/en\/wp-json\/wp\/v2\/types\/page"}],"author":[{"embeddable":true,"href":"https:\/\/www.profdrmerterkan.com\/en\/wp-json\/wp\/v2\/users\/1"}],"replies":[{"embeddable":true,"href":"https:\/\/www.profdrmerterkan.com\/en\/wp-json\/wp\/v2\/comments?post=1788"}],"version-history":[{"count":35,"href":"https:\/\/www.profdrmerterkan.com\/en\/wp-json\/wp\/v2\/pages\/1788\/revisions"}],"predecessor-version":[{"id":2388,"href":"https:\/\/www.profdrmerterkan.com\/en\/wp-json\/wp\/v2\/pages\/1788\/revisions\/2388"}],"wp:attachment":[{"href":"https:\/\/www.profdrmerterkan.com\/en\/wp-json\/wp\/v2\/media?parent=1788"}],"curies":[{"name":"wp","href":"https:\/\/api.w.org\/{rel}","templated":true}]}}